{"id":22,"date":"2025-10-27T17:02:25","date_gmt":"2025-10-27T20:02:25","guid":{"rendered":"https:\/\/salibom.com.br\/edicao2025\/?page_id=22"},"modified":"2025-11-12T08:34:28","modified_gmt":"2025-11-12T11:34:28","slug":"faca-sua-inscricao","status":"publish","type":"page","link":"https:\/\/salibom.com.br\/edicao2025\/faca-sua-inscricao\/","title":{"rendered":"Fa\u00e7a sua inscri\u00e7\u00e3o!"},"content":{"rendered":"\n<p>O Sal\u00e3o do Livro de Bom Jesus, poder\u00e1 ser percebido como o maior acontecimento liter\u00e1rio da Regi\u00e3o do Cerrados e um dos maiores eventos culturais realizados no Piau\u00ed, demonstrando a for\u00e7a da cultura local e a valoriza\u00e7\u00e3o da educa\u00e7\u00e3o por parte da popula\u00e7\u00e3o em geral e do poder p\u00fablico, uma vez que ambos podem e devem prestigiam com muita \u00eanfase o Sal\u00e3o. <strong><a href=\"https:\/\/salibom.com.br\/portal\/programacao\/\">VEJA A PROGRAMA\u00c7\u00c3O!<\/a><\/strong><\/p>\n\n\n\n<p><\/p>\n\n\n<p><iframe id=\"ia5d8238a540249f5b7c4b74e172b6257\" src=\"https:\/\/web.eventogyn.com.br\/event\/salibom25\/registration\" scrolling=\"no\" style=\"border: 0px; max-width: 100%; width: 100%;\"><\/iframe><br \/>\n<script src=\"https:\/\/web.eventogyn.com.br\/node_modules\/iframe-resizer\/js\/iframeResizer.min.js?2.61.9\"><\/script><br \/>\n<script>iFrameResize({ log: true }, \"#ia5d8238a540249f5b7c4b74e172b6257\")<\/script><\/p>\n\n\n\n<p><\/p>\n","protected":false},"excerpt":{"rendered":"<p>O Sal\u00e3o do Livro de Bom Jesus, poder\u00e1 ser percebido como o maior acontecimento liter\u00e1rio da Regi\u00e3o do Cerrados e um dos maiores eventos culturais realizados no Piau\u00ed, demonstrando a for\u00e7a da cultura local e a valoriza\u00e7\u00e3o da educa\u00e7\u00e3o por parte da popula\u00e7\u00e3o em geral e do poder p\u00fablico, uma vez que ambos podem e [&hellip;]<\/p>\n","protected":false},"author":1,"featured_media":0,"parent":0,"menu_order":0,"comment_status":"closed","ping_status":"closed","template":"","meta":{"footnotes":""},"class_list":["post-22","page","type-page","status-publish","hentry"],"yoast_head":"<!-- This site is optimized with the Yoast SEO plugin v26.3 - https:\/\/yoast.com\/wordpress\/plugins\/seo\/ -->\n<title>Fa\u00e7a sua inscri\u00e7\u00e3o! - 7\u00ba Sal\u00e3o do Livro de Bom Jesus - SaLiBom<\/title>\n<meta name=\"robots\" content=\"index, follow, max-snippet:-1, max-image-preview:large, max-video-preview:-1\" \/>\n<link rel=\"canonical\" href=\"https:\/\/salibom.com.br\/edicao2025\/faca-sua-inscricao\/\" \/>\n<meta property=\"og:locale\" content=\"pt_BR\" \/>\n<meta property=\"og:type\" content=\"article\" \/>\n<meta property=\"og:title\" content=\"Fa\u00e7a sua inscri\u00e7\u00e3o! - 7\u00ba Sal\u00e3o do Livro de Bom Jesus - SaLiBom\" \/>\n<meta property=\"og:description\" content=\"O Sal\u00e3o do Livro de Bom Jesus, poder\u00e1 ser percebido como o maior acontecimento liter\u00e1rio da Regi\u00e3o do Cerrados e um dos maiores eventos culturais realizados no Piau\u00ed, demonstrando a for\u00e7a da cultura local e a valoriza\u00e7\u00e3o da educa\u00e7\u00e3o por parte da popula\u00e7\u00e3o em geral e do poder p\u00fablico, uma vez que ambos podem e [&hellip;]\" \/>\n<meta property=\"og:url\" content=\"https:\/\/salibom.com.br\/edicao2025\/faca-sua-inscricao\/\" \/>\n<meta property=\"og:site_name\" content=\"7\u00ba Sal\u00e3o do Livro de Bom Jesus - SaLiBom\" \/>\n<meta property=\"article:modified_time\" content=\"2025-11-12T11:34:28+00:00\" \/>\n<meta name=\"twitter:card\" content=\"summary_large_image\" \/>\n<meta name=\"twitter:label1\" content=\"Est. tempo de leitura\" \/>\n\t<meta name=\"twitter:data1\" content=\"1 minuto\" \/>\n<script type=\"application\/ld+json\" class=\"yoast-schema-graph\">{\"@context\":\"https:\/\/schema.org\",\"@graph\":[{\"@type\":\"WebPage\",\"@id\":\"https:\/\/salibom.com.br\/edicao2025\/faca-sua-inscricao\/\",\"url\":\"https:\/\/salibom.com.br\/edicao2025\/faca-sua-inscricao\/\",\"name\":\"Fa\u00e7a sua inscri\u00e7\u00e3o! - 7\u00ba Sal\u00e3o do Livro de Bom Jesus - SaLiBom\",\"isPartOf\":{\"@id\":\"https:\/\/salibom.com.br\/edicao2025\/#website\"},\"datePublished\":\"2025-10-27T20:02:25+00:00\",\"dateModified\":\"2025-11-12T11:34:28+00:00\",\"breadcrumb\":{\"@id\":\"https:\/\/salibom.com.br\/edicao2025\/faca-sua-inscricao\/#breadcrumb\"},\"inLanguage\":\"pt-BR\",\"potentialAction\":[{\"@type\":\"ReadAction\",\"target\":[\"https:\/\/salibom.com.br\/edicao2025\/faca-sua-inscricao\/\"]}]},{\"@type\":\"BreadcrumbList\",\"@id\":\"https:\/\/salibom.com.br\/edicao2025\/faca-sua-inscricao\/#breadcrumb\",\"itemListElement\":[{\"@type\":\"ListItem\",\"position\":1,\"name\":\"In\u00edcio\",\"item\":\"https:\/\/salibom.com.br\/edicao2025\/\"},{\"@type\":\"ListItem\",\"position\":2,\"name\":\"Fa\u00e7a sua inscri\u00e7\u00e3o!\"}]},{\"@type\":\"WebSite\",\"@id\":\"https:\/\/salibom.com.br\/edicao2025\/#website\",\"url\":\"https:\/\/salibom.com.br\/edicao2025\/\",\"name\":\"7\u00ba Sal\u00e3o do Livro de Bom Jesus - SaLiBom\",\"description\":\"\",\"publisher\":{\"@id\":\"https:\/\/salibom.com.br\/edicao2025\/#organization\"},\"potentialAction\":[{\"@type\":\"SearchAction\",\"target\":{\"@type\":\"EntryPoint\",\"urlTemplate\":\"https:\/\/salibom.com.br\/edicao2025\/?s={search_term_string}\"},\"query-input\":{\"@type\":\"PropertyValueSpecification\",\"valueRequired\":true,\"valueName\":\"search_term_string\"}}],\"inLanguage\":\"pt-BR\"},{\"@type\":\"Organization\",\"@id\":\"https:\/\/salibom.com.br\/edicao2025\/#organization\",\"name\":\"7\u00ba Sal\u00e3o do Livro de Bom Jesus - SaLiBom\",\"url\":\"https:\/\/salibom.com.br\/edicao2025\/\",\"logo\":{\"@type\":\"ImageObject\",\"inLanguage\":\"pt-BR\",\"@id\":\"https:\/\/salibom.com.br\/edicao2025\/#\/schema\/logo\/image\/\",\"url\":\"https:\/\/salibom.com.br\/edicao2025\/wp-content\/uploads\/2025\/10\/cropped-SaLiBom-2025-logomarca1-1-1.webp\",\"contentUrl\":\"https:\/\/salibom.com.br\/edicao2025\/wp-content\/uploads\/2025\/10\/cropped-SaLiBom-2025-logomarca1-1-1.webp\",\"width\":514,\"height\":400,\"caption\":\"7\u00ba Sal\u00e3o do Livro de Bom Jesus - SaLiBom\"},\"image\":{\"@id\":\"https:\/\/salibom.com.br\/edicao2025\/#\/schema\/logo\/image\/\"}}]}<\/script>\n<!-- \/ Yoast SEO plugin. -->","yoast_head_json":{"title":"Fa\u00e7a sua inscri\u00e7\u00e3o! - 7\u00ba Sal\u00e3o do Livro de Bom Jesus - SaLiBom","robots":{"index":"index","follow":"follow","max-snippet":"max-snippet:-1","max-image-preview":"max-image-preview:large","max-video-preview":"max-video-preview:-1"},"canonical":"https:\/\/salibom.com.br\/edicao2025\/faca-sua-inscricao\/","og_locale":"pt_BR","og_type":"article","og_title":"Fa\u00e7a sua inscri\u00e7\u00e3o! - 7\u00ba Sal\u00e3o do Livro de Bom Jesus - SaLiBom","og_description":"O Sal\u00e3o do Livro de Bom Jesus, poder\u00e1 ser percebido como o maior acontecimento liter\u00e1rio da Regi\u00e3o do Cerrados e um dos maiores eventos culturais realizados no Piau\u00ed, demonstrando a for\u00e7a da cultura local e a valoriza\u00e7\u00e3o da educa\u00e7\u00e3o por parte da popula\u00e7\u00e3o em geral e do poder p\u00fablico, uma vez que ambos podem e [&hellip;]","og_url":"https:\/\/salibom.com.br\/edicao2025\/faca-sua-inscricao\/","og_site_name":"7\u00ba Sal\u00e3o do Livro de Bom Jesus - SaLiBom","article_modified_time":"2025-11-12T11:34:28+00:00","twitter_card":"summary_large_image","twitter_misc":{"Est. tempo de leitura":"1 minuto"},"schema":{"@context":"https:\/\/schema.org","@graph":[{"@type":"WebPage","@id":"https:\/\/salibom.com.br\/edicao2025\/faca-sua-inscricao\/","url":"https:\/\/salibom.com.br\/edicao2025\/faca-sua-inscricao\/","name":"Fa\u00e7a sua inscri\u00e7\u00e3o! - 7\u00ba Sal\u00e3o do Livro de Bom Jesus - SaLiBom","isPartOf":{"@id":"https:\/\/salibom.com.br\/edicao2025\/#website"},"datePublished":"2025-10-27T20:02:25+00:00","dateModified":"2025-11-12T11:34:28+00:00","breadcrumb":{"@id":"https:\/\/salibom.com.br\/edicao2025\/faca-sua-inscricao\/#breadcrumb"},"inLanguage":"pt-BR","potentialAction":[{"@type":"ReadAction","target":["https:\/\/salibom.com.br\/edicao2025\/faca-sua-inscricao\/"]}]},{"@type":"BreadcrumbList","@id":"https:\/\/salibom.com.br\/edicao2025\/faca-sua-inscricao\/#breadcrumb","itemListElement":[{"@type":"ListItem","position":1,"name":"In\u00edcio","item":"https:\/\/salibom.com.br\/edicao2025\/"},{"@type":"ListItem","position":2,"name":"Fa\u00e7a sua inscri\u00e7\u00e3o!"}]},{"@type":"WebSite","@id":"https:\/\/salibom.com.br\/edicao2025\/#website","url":"https:\/\/salibom.com.br\/edicao2025\/","name":"7\u00ba Sal\u00e3o do Livro de Bom Jesus - SaLiBom","description":"","publisher":{"@id":"https:\/\/salibom.com.br\/edicao2025\/#organization"},"potentialAction":[{"@type":"SearchAction","target":{"@type":"EntryPoint","urlTemplate":"https:\/\/salibom.com.br\/edicao2025\/?s={search_term_string}"},"query-input":{"@type":"PropertyValueSpecification","valueRequired":true,"valueName":"search_term_string"}}],"inLanguage":"pt-BR"},{"@type":"Organization","@id":"https:\/\/salibom.com.br\/edicao2025\/#organization","name":"7\u00ba Sal\u00e3o do Livro de Bom Jesus - SaLiBom","url":"https:\/\/salibom.com.br\/edicao2025\/","logo":{"@type":"ImageObject","inLanguage":"pt-BR","@id":"https:\/\/salibom.com.br\/edicao2025\/#\/schema\/logo\/image\/","url":"https:\/\/salibom.com.br\/edicao2025\/wp-content\/uploads\/2025\/10\/cropped-SaLiBom-2025-logomarca1-1-1.webp","contentUrl":"https:\/\/salibom.com.br\/edicao2025\/wp-content\/uploads\/2025\/10\/cropped-SaLiBom-2025-logomarca1-1-1.webp","width":514,"height":400,"caption":"7\u00ba Sal\u00e3o do Livro de Bom Jesus - SaLiBom"},"image":{"@id":"https:\/\/salibom.com.br\/edicao2025\/#\/schema\/logo\/image\/"}}]}},"_links":{"self":[{"href":"https:\/\/salibom.com.br\/edicao2025\/wp-json\/wp\/v2\/pages\/22","targetHints":{"allow":["GET"]}}],"collection":[{"href":"https:\/\/salibom.com.br\/edicao2025\/wp-json\/wp\/v2\/pages"}],"about":[{"href":"https:\/\/salibom.com.br\/edicao2025\/wp-json\/wp\/v2\/types\/page"}],"author":[{"embeddable":true,"href":"https:\/\/salibom.com.br\/edicao2025\/wp-json\/wp\/v2\/users\/1"}],"replies":[{"embeddable":true,"href":"https:\/\/salibom.com.br\/edicao2025\/wp-json\/wp\/v2\/comments?post=22"}],"version-history":[{"count":5,"href":"https:\/\/salibom.com.br\/edicao2025\/wp-json\/wp\/v2\/pages\/22\/revisions"}],"predecessor-version":[{"id":211,"href":"https:\/\/salibom.com.br\/edicao2025\/wp-json\/wp\/v2\/pages\/22\/revisions\/211"}],"wp:attachment":[{"href":"https:\/\/salibom.com.br\/edicao2025\/wp-json\/wp\/v2\/media?parent=22"}],"curies":[{"name":"wp","href":"https:\/\/api.w.org\/{rel}","templated":true}]}}