{"id":30,"date":"2025-10-27T17:03:17","date_gmt":"2025-10-27T20:03:17","guid":{"rendered":"https:\/\/salibom.com.br\/edicao2025\/?page_id=30"},"modified":"2025-10-28T07:52:45","modified_gmt":"2025-10-28T10:52:45","slug":"o-evento","status":"publish","type":"page","link":"https:\/\/salibom.com.br\/edicao2025\/o-evento\/","title":{"rendered":"O Evento"},"content":{"rendered":"\n<p>A amplia\u00e7\u00e3o dos estudos sobre a leitura como ci\u00eancia revelou que ler implica fatores que v\u00e3o al\u00e9m do c\u00f3digo escrito e est\u00e3o em estreita intera\u00e7\u00e3o com atividades do pensamento e do aprendizado em geral, favorecendo a expans\u00e3o do horizonte cultural de pessoas, grupos e comunidades. O livro, sujeito e objeto da a\u00e7\u00e3o cultural e meio de comunica\u00e7\u00e3o, \u00e9 o que mais favorece a concentra\u00e7\u00e3o necess\u00e1ria para que o indiv\u00edduo classifique e organize devidamente as categorias cognitivas em sua mente.<\/p>\n\n\n\n<p>O ato de ler deve ser uma pr\u00e1tica incorporada \u00e0 vida do indiv\u00edduo, e n\u00e3o apenas uma aquisi\u00e7\u00e3o de informa\u00e7\u00f5es e conhecimentos. O h\u00e1bito de ler contribui para que o leitor desenvolva sua personalidade e comportamento afetivo, exercite seu esp\u00edrito cr\u00edtico, libere a mente de preconceitos e discrimina\u00e7\u00f5es e o oriente para a compreens\u00e3o objetiva dos fatos, motivando-o \u00e0 participa\u00e7\u00e3o ativa na sociedade em que vive.<\/p>\n\n\n\n<p>Partindo desses princ\u00edpios, o Sal\u00e3o do Livro de Bom Jesus, poder\u00e1 ser percebido como o maior acontecimento liter\u00e1rio da Regi\u00e3o do Cerrados e um dos maiores eventos culturais realizados no Piau\u00ed, demonstrando a for\u00e7a da cultura local e a valoriza\u00e7\u00e3o da educa\u00e7\u00e3o por parte da popula\u00e7\u00e3o em geral e do poder p\u00fablico, uma vez que ambos podem e devem prestigiam com muita \u00eanfase o Sal\u00e3o.<\/p>\n\n\n\n<p>A 5\u00aa edi\u00e7\u00e3o do SaLiBom tem, portanto, como uma de suas principais metas oportunizar o acesso facilitado ao livro \u00e0 todas as pessoas que integram o Vale do Gurgu\u00e9ia, sempre incentivando a leitura e a cultura liter\u00e1ria.<\/p>\n\n\n\n<p><strong>AVISOS IMPORTANTES<\/strong><\/p>\n\n\n\n<p>\u2013&nbsp;<strong>O Sal\u00e3o do Livro de Bom Jesus \u2013 SaLiBom<\/strong>&nbsp;n\u00e3o realiza parceria alguma com vendedores de cursos, cole\u00e7\u00f5es de livros ou similares. Nossos representantes utilizam apenas os canais oficiais de comunica\u00e7\u00e3o do evento: \u201cE-mail\u201d, Facebook, Instagram e a se\u00e7\u00e3o \u201cContato\u201d do Site. Em caso de d\u00favida sobre alguma proposta recebida, entre em contato pelo e-mail contato@salipi.com.br<\/p>\n\n\n\n<p><strong>\u2013&nbsp;<\/strong>O visitante fica ciente de que, ao entrar no recinto de exposi\u00e7\u00f5es onde se realiza o&nbsp;<strong>O Sal\u00e3o do Livro de Bom Jesus \u2013 SaLiBom<\/strong>, fica autorizado aos organizadores o uso de sua imagem pessoal captada no evento, assim como a de menores ou pessoas sob sua responsabilidade ou tutela legal para uso em todo e qualquer material de fotos, v\u00eddeos, documentos, meios de comunica\u00e7\u00e3o, campanhas promocionais e institucional, destinadas \u00e0 divulga\u00e7\u00e3o ao p\u00fablico.<\/p>\n","protected":false},"excerpt":{"rendered":"<p>A amplia\u00e7\u00e3o dos estudos sobre a leitura como ci\u00eancia revelou que ler implica fatores que v\u00e3o al\u00e9m do c\u00f3digo escrito e est\u00e3o em estreita intera\u00e7\u00e3o com atividades do pensamento e do aprendizado em geral, favorecendo a expans\u00e3o do horizonte cultural de pessoas, grupos e comunidades. O livro, sujeito e objeto da a\u00e7\u00e3o cultural e meio [&hellip;]<\/p>\n","protected":false},"author":1,"featured_media":0,"parent":0,"menu_order":0,"comment_status":"closed","ping_status":"closed","template":"","meta":{"footnotes":""},"class_list":["post-30","page","type-page","status-publish","hentry"],"yoast_head":"<!-- This site is optimized with the Yoast SEO plugin v26.3 - https:\/\/yoast.com\/wordpress\/plugins\/seo\/ -->\n<title>O Evento - 7\u00ba Sal\u00e3o do Livro de Bom Jesus - SaLiBom<\/title>\n<meta name=\"robots\" content=\"index, follow, max-snippet:-1, max-image-preview:large, max-video-preview:-1\" \/>\n<link rel=\"canonical\" href=\"https:\/\/salibom.com.br\/edicao2025\/o-evento\/\" \/>\n<meta property=\"og:locale\" content=\"pt_BR\" \/>\n<meta property=\"og:type\" content=\"article\" \/>\n<meta property=\"og:title\" content=\"O Evento - 7\u00ba Sal\u00e3o do Livro de Bom Jesus - SaLiBom\" \/>\n<meta property=\"og:description\" content=\"A amplia\u00e7\u00e3o dos estudos sobre a leitura como ci\u00eancia revelou que ler implica fatores que v\u00e3o al\u00e9m do c\u00f3digo escrito e est\u00e3o em estreita intera\u00e7\u00e3o com atividades do pensamento e do aprendizado em geral, favorecendo a expans\u00e3o do horizonte cultural de pessoas, grupos e comunidades. O livro, sujeito e objeto da a\u00e7\u00e3o cultural e meio [&hellip;]\" \/>\n<meta property=\"og:url\" content=\"https:\/\/salibom.com.br\/edicao2025\/o-evento\/\" \/>\n<meta property=\"og:site_name\" content=\"7\u00ba Sal\u00e3o do Livro de Bom Jesus - SaLiBom\" \/>\n<meta property=\"article:modified_time\" content=\"2025-10-28T10:52:45+00:00\" \/>\n<meta name=\"twitter:card\" content=\"summary_large_image\" \/>\n<meta name=\"twitter:label1\" content=\"Est. tempo de leitura\" \/>\n\t<meta name=\"twitter:data1\" content=\"3 minutos\" \/>\n<script type=\"application\/ld+json\" class=\"yoast-schema-graph\">{\"@context\":\"https:\/\/schema.org\",\"@graph\":[{\"@type\":\"WebPage\",\"@id\":\"https:\/\/salibom.com.br\/edicao2025\/o-evento\/\",\"url\":\"https:\/\/salibom.com.br\/edicao2025\/o-evento\/\",\"name\":\"O Evento - 7\u00ba Sal\u00e3o do Livro de Bom Jesus - SaLiBom\",\"isPartOf\":{\"@id\":\"https:\/\/salibom.com.br\/edicao2025\/#website\"},\"datePublished\":\"2025-10-27T20:03:17+00:00\",\"dateModified\":\"2025-10-28T10:52:45+00:00\",\"breadcrumb\":{\"@id\":\"https:\/\/salibom.com.br\/edicao2025\/o-evento\/#breadcrumb\"},\"inLanguage\":\"pt-BR\",\"potentialAction\":[{\"@type\":\"ReadAction\",\"target\":[\"https:\/\/salibom.com.br\/edicao2025\/o-evento\/\"]}]},{\"@type\":\"BreadcrumbList\",\"@id\":\"https:\/\/salibom.com.br\/edicao2025\/o-evento\/#breadcrumb\",\"itemListElement\":[{\"@type\":\"ListItem\",\"position\":1,\"name\":\"In\u00edcio\",\"item\":\"https:\/\/salibom.com.br\/edicao2025\/\"},{\"@type\":\"ListItem\",\"position\":2,\"name\":\"O Evento\"}]},{\"@type\":\"WebSite\",\"@id\":\"https:\/\/salibom.com.br\/edicao2025\/#website\",\"url\":\"https:\/\/salibom.com.br\/edicao2025\/\",\"name\":\"7\u00ba Sal\u00e3o do Livro de Bom Jesus - SaLiBom\",\"description\":\"\",\"publisher\":{\"@id\":\"https:\/\/salibom.com.br\/edicao2025\/#organization\"},\"potentialAction\":[{\"@type\":\"SearchAction\",\"target\":{\"@type\":\"EntryPoint\",\"urlTemplate\":\"https:\/\/salibom.com.br\/edicao2025\/?s={search_term_string}\"},\"query-input\":{\"@type\":\"PropertyValueSpecification\",\"valueRequired\":true,\"valueName\":\"search_term_string\"}}],\"inLanguage\":\"pt-BR\"},{\"@type\":\"Organization\",\"@id\":\"https:\/\/salibom.com.br\/edicao2025\/#organization\",\"name\":\"7\u00ba Sal\u00e3o do Livro de Bom Jesus - SaLiBom\",\"url\":\"https:\/\/salibom.com.br\/edicao2025\/\",\"logo\":{\"@type\":\"ImageObject\",\"inLanguage\":\"pt-BR\",\"@id\":\"https:\/\/salibom.com.br\/edicao2025\/#\/schema\/logo\/image\/\",\"url\":\"https:\/\/salibom.com.br\/edicao2025\/wp-content\/uploads\/2025\/10\/cropped-SaLiBom-2025-logomarca1-1-1.webp\",\"contentUrl\":\"https:\/\/salibom.com.br\/edicao2025\/wp-content\/uploads\/2025\/10\/cropped-SaLiBom-2025-logomarca1-1-1.webp\",\"width\":514,\"height\":400,\"caption\":\"7\u00ba Sal\u00e3o do Livro de Bom Jesus - SaLiBom\"},\"image\":{\"@id\":\"https:\/\/salibom.com.br\/edicao2025\/#\/schema\/logo\/image\/\"}}]}<\/script>\n<!-- \/ Yoast SEO plugin. -->","yoast_head_json":{"title":"O Evento - 7\u00ba Sal\u00e3o do Livro de Bom Jesus - SaLiBom","robots":{"index":"index","follow":"follow","max-snippet":"max-snippet:-1","max-image-preview":"max-image-preview:large","max-video-preview":"max-video-preview:-1"},"canonical":"https:\/\/salibom.com.br\/edicao2025\/o-evento\/","og_locale":"pt_BR","og_type":"article","og_title":"O Evento - 7\u00ba Sal\u00e3o do Livro de Bom Jesus - SaLiBom","og_description":"A amplia\u00e7\u00e3o dos estudos sobre a leitura como ci\u00eancia revelou que ler implica fatores que v\u00e3o al\u00e9m do c\u00f3digo escrito e est\u00e3o em estreita intera\u00e7\u00e3o com atividades do pensamento e do aprendizado em geral, favorecendo a expans\u00e3o do horizonte cultural de pessoas, grupos e comunidades. O livro, sujeito e objeto da a\u00e7\u00e3o cultural e meio [&hellip;]","og_url":"https:\/\/salibom.com.br\/edicao2025\/o-evento\/","og_site_name":"7\u00ba Sal\u00e3o do Livro de Bom Jesus - SaLiBom","article_modified_time":"2025-10-28T10:52:45+00:00","twitter_card":"summary_large_image","twitter_misc":{"Est. tempo de leitura":"3 minutos"},"schema":{"@context":"https:\/\/schema.org","@graph":[{"@type":"WebPage","@id":"https:\/\/salibom.com.br\/edicao2025\/o-evento\/","url":"https:\/\/salibom.com.br\/edicao2025\/o-evento\/","name":"O Evento - 7\u00ba Sal\u00e3o do Livro de Bom Jesus - SaLiBom","isPartOf":{"@id":"https:\/\/salibom.com.br\/edicao2025\/#website"},"datePublished":"2025-10-27T20:03:17+00:00","dateModified":"2025-10-28T10:52:45+00:00","breadcrumb":{"@id":"https:\/\/salibom.com.br\/edicao2025\/o-evento\/#breadcrumb"},"inLanguage":"pt-BR","potentialAction":[{"@type":"ReadAction","target":["https:\/\/salibom.com.br\/edicao2025\/o-evento\/"]}]},{"@type":"BreadcrumbList","@id":"https:\/\/salibom.com.br\/edicao2025\/o-evento\/#breadcrumb","itemListElement":[{"@type":"ListItem","position":1,"name":"In\u00edcio","item":"https:\/\/salibom.com.br\/edicao2025\/"},{"@type":"ListItem","position":2,"name":"O Evento"}]},{"@type":"WebSite","@id":"https:\/\/salibom.com.br\/edicao2025\/#website","url":"https:\/\/salibom.com.br\/edicao2025\/","name":"7\u00ba Sal\u00e3o do Livro de Bom Jesus - SaLiBom","description":"","publisher":{"@id":"https:\/\/salibom.com.br\/edicao2025\/#organization"},"potentialAction":[{"@type":"SearchAction","target":{"@type":"EntryPoint","urlTemplate":"https:\/\/salibom.com.br\/edicao2025\/?s={search_term_string}"},"query-input":{"@type":"PropertyValueSpecification","valueRequired":true,"valueName":"search_term_string"}}],"inLanguage":"pt-BR"},{"@type":"Organization","@id":"https:\/\/salibom.com.br\/edicao2025\/#organization","name":"7\u00ba Sal\u00e3o do Livro de Bom Jesus - SaLiBom","url":"https:\/\/salibom.com.br\/edicao2025\/","logo":{"@type":"ImageObject","inLanguage":"pt-BR","@id":"https:\/\/salibom.com.br\/edicao2025\/#\/schema\/logo\/image\/","url":"https:\/\/salibom.com.br\/edicao2025\/wp-content\/uploads\/2025\/10\/cropped-SaLiBom-2025-logomarca1-1-1.webp","contentUrl":"https:\/\/salibom.com.br\/edicao2025\/wp-content\/uploads\/2025\/10\/cropped-SaLiBom-2025-logomarca1-1-1.webp","width":514,"height":400,"caption":"7\u00ba Sal\u00e3o do Livro de Bom Jesus - SaLiBom"},"image":{"@id":"https:\/\/salibom.com.br\/edicao2025\/#\/schema\/logo\/image\/"}}]}},"_links":{"self":[{"href":"https:\/\/salibom.com.br\/edicao2025\/wp-json\/wp\/v2\/pages\/30","targetHints":{"allow":["GET"]}}],"collection":[{"href":"https:\/\/salibom.com.br\/edicao2025\/wp-json\/wp\/v2\/pages"}],"about":[{"href":"https:\/\/salibom.com.br\/edicao2025\/wp-json\/wp\/v2\/types\/page"}],"author":[{"embeddable":true,"href":"https:\/\/salibom.com.br\/edicao2025\/wp-json\/wp\/v2\/users\/1"}],"replies":[{"embeddable":true,"href":"https:\/\/salibom.com.br\/edicao2025\/wp-json\/wp\/v2\/comments?post=30"}],"version-history":[{"count":2,"href":"https:\/\/salibom.com.br\/edicao2025\/wp-json\/wp\/v2\/pages\/30\/revisions"}],"predecessor-version":[{"id":141,"href":"https:\/\/salibom.com.br\/edicao2025\/wp-json\/wp\/v2\/pages\/30\/revisions\/141"}],"wp:attachment":[{"href":"https:\/\/salibom.com.br\/edicao2025\/wp-json\/wp\/v2\/media?parent=30"}],"curies":[{"name":"wp","href":"https:\/\/api.w.org\/{rel}","templated":true}]}}