{"id":38,"date":"2025-10-27T17:04:55","date_gmt":"2025-10-27T20:04:55","guid":{"rendered":"https:\/\/salibom.com.br\/edicao2025\/?page_id=38"},"modified":"2025-10-28T08:13:38","modified_gmt":"2025-10-28T11:13:38","slug":"voluntarios","status":"publish","type":"page","link":"https:\/\/salibom.com.br\/edicao2025\/voluntarios\/","title":{"rendered":"Volunt\u00e1rios"},"content":{"rendered":"\n<p>Durante todos os dias do Sal\u00e3o do Livro de Bom Jesus \u00e9 poss\u00edvel v\u00ea-los circulando em todas as \u00e1reas \u2013 seja auxiliando durante as palestras, entregando material ou mesmo direcionando convidados. A cada ano, o Salibom conta com a valorosa participa\u00e7\u00e3o de volunt\u00e1rios que abrem m\u00e3o de horas de seus dias para garantir que o evento seja um sucesso.<\/p>\n\n\n\n<p>Os volunt\u00e1rios s\u00e3o fundamentais, j\u00e1 que a coordena\u00e7\u00e3o do evento n\u00e3o tem como estar em todos os locais ao mesmo tempo. Eles movimentam o evento, e&nbsp; ajudam \u2013 do espa\u00e7o de bate-papo, aos estandes, eles v\u00eam empolgados, felizes de participar desse evento que eles gostam tanto.<\/p>\n","protected":false},"excerpt":{"rendered":"<p>Durante todos os dias do Sal\u00e3o do Livro de Bom Jesus \u00e9 poss\u00edvel v\u00ea-los circulando em todas as \u00e1reas \u2013 seja auxiliando durante as palestras, entregando material ou mesmo direcionando convidados. A cada ano, o Salibom conta com a valorosa participa\u00e7\u00e3o de volunt\u00e1rios que abrem m\u00e3o de horas de seus dias para garantir que o [&hellip;]<\/p>\n","protected":false},"author":1,"featured_media":0,"parent":0,"menu_order":0,"comment_status":"closed","ping_status":"closed","template":"","meta":{"footnotes":""},"class_list":["post-38","page","type-page","status-publish","hentry"],"yoast_head":"<!-- This site is optimized with the Yoast SEO plugin v26.3 - https:\/\/yoast.com\/wordpress\/plugins\/seo\/ -->\n<title>Volunt\u00e1rios - 7\u00ba Sal\u00e3o do Livro de Bom Jesus - SaLiBom<\/title>\n<meta name=\"robots\" content=\"index, follow, max-snippet:-1, max-image-preview:large, max-video-preview:-1\" \/>\n<link rel=\"canonical\" href=\"https:\/\/salibom.com.br\/edicao2025\/voluntarios\/\" \/>\n<meta property=\"og:locale\" content=\"pt_BR\" \/>\n<meta property=\"og:type\" content=\"article\" \/>\n<meta property=\"og:title\" content=\"Volunt\u00e1rios - 7\u00ba Sal\u00e3o do Livro de Bom Jesus - SaLiBom\" \/>\n<meta property=\"og:description\" content=\"Durante todos os dias do Sal\u00e3o do Livro de Bom Jesus \u00e9 poss\u00edvel v\u00ea-los circulando em todas as \u00e1reas \u2013 seja auxiliando durante as palestras, entregando material ou mesmo direcionando convidados. A cada ano, o Salibom conta com a valorosa participa\u00e7\u00e3o de volunt\u00e1rios que abrem m\u00e3o de horas de seus dias para garantir que o [&hellip;]\" \/>\n<meta property=\"og:url\" content=\"https:\/\/salibom.com.br\/edicao2025\/voluntarios\/\" \/>\n<meta property=\"og:site_name\" content=\"7\u00ba Sal\u00e3o do Livro de Bom Jesus - SaLiBom\" \/>\n<meta property=\"article:modified_time\" content=\"2025-10-28T11:13:38+00:00\" \/>\n<meta name=\"twitter:card\" content=\"summary_large_image\" \/>\n<meta name=\"twitter:label1\" content=\"Est. tempo de leitura\" \/>\n\t<meta name=\"twitter:data1\" content=\"1 minuto\" \/>\n<script type=\"application\/ld+json\" class=\"yoast-schema-graph\">{\"@context\":\"https:\/\/schema.org\",\"@graph\":[{\"@type\":\"WebPage\",\"@id\":\"https:\/\/salibom.com.br\/edicao2025\/voluntarios\/\",\"url\":\"https:\/\/salibom.com.br\/edicao2025\/voluntarios\/\",\"name\":\"Volunt\u00e1rios - 7\u00ba Sal\u00e3o do Livro de Bom Jesus - SaLiBom\",\"isPartOf\":{\"@id\":\"https:\/\/salibom.com.br\/edicao2025\/#website\"},\"datePublished\":\"2025-10-27T20:04:55+00:00\",\"dateModified\":\"2025-10-28T11:13:38+00:00\",\"breadcrumb\":{\"@id\":\"https:\/\/salibom.com.br\/edicao2025\/voluntarios\/#breadcrumb\"},\"inLanguage\":\"pt-BR\",\"potentialAction\":[{\"@type\":\"ReadAction\",\"target\":[\"https:\/\/salibom.com.br\/edicao2025\/voluntarios\/\"]}]},{\"@type\":\"BreadcrumbList\",\"@id\":\"https:\/\/salibom.com.br\/edicao2025\/voluntarios\/#breadcrumb\",\"itemListElement\":[{\"@type\":\"ListItem\",\"position\":1,\"name\":\"In\u00edcio\",\"item\":\"https:\/\/salibom.com.br\/edicao2025\/\"},{\"@type\":\"ListItem\",\"position\":2,\"name\":\"Volunt\u00e1rios\"}]},{\"@type\":\"WebSite\",\"@id\":\"https:\/\/salibom.com.br\/edicao2025\/#website\",\"url\":\"https:\/\/salibom.com.br\/edicao2025\/\",\"name\":\"7\u00ba Sal\u00e3o do Livro de Bom Jesus - SaLiBom\",\"description\":\"\",\"publisher\":{\"@id\":\"https:\/\/salibom.com.br\/edicao2025\/#organization\"},\"potentialAction\":[{\"@type\":\"SearchAction\",\"target\":{\"@type\":\"EntryPoint\",\"urlTemplate\":\"https:\/\/salibom.com.br\/edicao2025\/?s={search_term_string}\"},\"query-input\":{\"@type\":\"PropertyValueSpecification\",\"valueRequired\":true,\"valueName\":\"search_term_string\"}}],\"inLanguage\":\"pt-BR\"},{\"@type\":\"Organization\",\"@id\":\"https:\/\/salibom.com.br\/edicao2025\/#organization\",\"name\":\"7\u00ba Sal\u00e3o do Livro de Bom Jesus - SaLiBom\",\"url\":\"https:\/\/salibom.com.br\/edicao2025\/\",\"logo\":{\"@type\":\"ImageObject\",\"inLanguage\":\"pt-BR\",\"@id\":\"https:\/\/salibom.com.br\/edicao2025\/#\/schema\/logo\/image\/\",\"url\":\"https:\/\/salibom.com.br\/edicao2025\/wp-content\/uploads\/2025\/10\/cropped-SaLiBom-2025-logomarca1-1-1.webp\",\"contentUrl\":\"https:\/\/salibom.com.br\/edicao2025\/wp-content\/uploads\/2025\/10\/cropped-SaLiBom-2025-logomarca1-1-1.webp\",\"width\":514,\"height\":400,\"caption\":\"7\u00ba Sal\u00e3o do Livro de Bom Jesus - SaLiBom\"},\"image\":{\"@id\":\"https:\/\/salibom.com.br\/edicao2025\/#\/schema\/logo\/image\/\"}}]}<\/script>\n<!-- \/ Yoast SEO plugin. -->","yoast_head_json":{"title":"Volunt\u00e1rios - 7\u00ba Sal\u00e3o do Livro de Bom Jesus - SaLiBom","robots":{"index":"index","follow":"follow","max-snippet":"max-snippet:-1","max-image-preview":"max-image-preview:large","max-video-preview":"max-video-preview:-1"},"canonical":"https:\/\/salibom.com.br\/edicao2025\/voluntarios\/","og_locale":"pt_BR","og_type":"article","og_title":"Volunt\u00e1rios - 7\u00ba Sal\u00e3o do Livro de Bom Jesus - SaLiBom","og_description":"Durante todos os dias do Sal\u00e3o do Livro de Bom Jesus \u00e9 poss\u00edvel v\u00ea-los circulando em todas as \u00e1reas \u2013 seja auxiliando durante as palestras, entregando material ou mesmo direcionando convidados. A cada ano, o Salibom conta com a valorosa participa\u00e7\u00e3o de volunt\u00e1rios que abrem m\u00e3o de horas de seus dias para garantir que o [&hellip;]","og_url":"https:\/\/salibom.com.br\/edicao2025\/voluntarios\/","og_site_name":"7\u00ba Sal\u00e3o do Livro de Bom Jesus - SaLiBom","article_modified_time":"2025-10-28T11:13:38+00:00","twitter_card":"summary_large_image","twitter_misc":{"Est. tempo de leitura":"1 minuto"},"schema":{"@context":"https:\/\/schema.org","@graph":[{"@type":"WebPage","@id":"https:\/\/salibom.com.br\/edicao2025\/voluntarios\/","url":"https:\/\/salibom.com.br\/edicao2025\/voluntarios\/","name":"Volunt\u00e1rios - 7\u00ba Sal\u00e3o do Livro de Bom Jesus - SaLiBom","isPartOf":{"@id":"https:\/\/salibom.com.br\/edicao2025\/#website"},"datePublished":"2025-10-27T20:04:55+00:00","dateModified":"2025-10-28T11:13:38+00:00","breadcrumb":{"@id":"https:\/\/salibom.com.br\/edicao2025\/voluntarios\/#breadcrumb"},"inLanguage":"pt-BR","potentialAction":[{"@type":"ReadAction","target":["https:\/\/salibom.com.br\/edicao2025\/voluntarios\/"]}]},{"@type":"BreadcrumbList","@id":"https:\/\/salibom.com.br\/edicao2025\/voluntarios\/#breadcrumb","itemListElement":[{"@type":"ListItem","position":1,"name":"In\u00edcio","item":"https:\/\/salibom.com.br\/edicao2025\/"},{"@type":"ListItem","position":2,"name":"Volunt\u00e1rios"}]},{"@type":"WebSite","@id":"https:\/\/salibom.com.br\/edicao2025\/#website","url":"https:\/\/salibom.com.br\/edicao2025\/","name":"7\u00ba Sal\u00e3o do Livro de Bom Jesus - SaLiBom","description":"","publisher":{"@id":"https:\/\/salibom.com.br\/edicao2025\/#organization"},"potentialAction":[{"@type":"SearchAction","target":{"@type":"EntryPoint","urlTemplate":"https:\/\/salibom.com.br\/edicao2025\/?s={search_term_string}"},"query-input":{"@type":"PropertyValueSpecification","valueRequired":true,"valueName":"search_term_string"}}],"inLanguage":"pt-BR"},{"@type":"Organization","@id":"https:\/\/salibom.com.br\/edicao2025\/#organization","name":"7\u00ba Sal\u00e3o do Livro de Bom Jesus - SaLiBom","url":"https:\/\/salibom.com.br\/edicao2025\/","logo":{"@type":"ImageObject","inLanguage":"pt-BR","@id":"https:\/\/salibom.com.br\/edicao2025\/#\/schema\/logo\/image\/","url":"https:\/\/salibom.com.br\/edicao2025\/wp-content\/uploads\/2025\/10\/cropped-SaLiBom-2025-logomarca1-1-1.webp","contentUrl":"https:\/\/salibom.com.br\/edicao2025\/wp-content\/uploads\/2025\/10\/cropped-SaLiBom-2025-logomarca1-1-1.webp","width":514,"height":400,"caption":"7\u00ba Sal\u00e3o do Livro de Bom Jesus - SaLiBom"},"image":{"@id":"https:\/\/salibom.com.br\/edicao2025\/#\/schema\/logo\/image\/"}}]}},"_links":{"self":[{"href":"https:\/\/salibom.com.br\/edicao2025\/wp-json\/wp\/v2\/pages\/38","targetHints":{"allow":["GET"]}}],"collection":[{"href":"https:\/\/salibom.com.br\/edicao2025\/wp-json\/wp\/v2\/pages"}],"about":[{"href":"https:\/\/salibom.com.br\/edicao2025\/wp-json\/wp\/v2\/types\/page"}],"author":[{"embeddable":true,"href":"https:\/\/salibom.com.br\/edicao2025\/wp-json\/wp\/v2\/users\/1"}],"replies":[{"embeddable":true,"href":"https:\/\/salibom.com.br\/edicao2025\/wp-json\/wp\/v2\/comments?post=38"}],"version-history":[{"count":2,"href":"https:\/\/salibom.com.br\/edicao2025\/wp-json\/wp\/v2\/pages\/38\/revisions"}],"predecessor-version":[{"id":151,"href":"https:\/\/salibom.com.br\/edicao2025\/wp-json\/wp\/v2\/pages\/38\/revisions\/151"}],"wp:attachment":[{"href":"https:\/\/salibom.com.br\/edicao2025\/wp-json\/wp\/v2\/media?parent=38"}],"curies":[{"name":"wp","href":"https:\/\/api.w.org\/{rel}","templated":true}]}}