{"id":1405,"date":"2021-12-05T17:52:41","date_gmt":"2021-12-05T20:52:41","guid":{"rendered":"https:\/\/salibom.com.br\/portal\/?page_id=1405"},"modified":"2022-12-12T18:25:35","modified_gmt":"2022-12-12T21:25:35","slug":"o-evento","status":"publish","type":"page","link":"https:\/\/salibom.com.br\/portal\/o-evento\/","title":{"rendered":"O Evento"},"content":{"rendered":"\t\t<div data-elementor-type=\"wp-page\" data-elementor-id=\"1405\" class=\"elementor elementor-1405\" data-elementor-post-type=\"page\">\n\t\t\t\t\t\t<section class=\"elementor-section elementor-top-section elementor-element elementor-element-124356a elementor-section-boxed elementor-section-height-default elementor-section-height-default\" data-id=\"124356a\" data-element_type=\"section\">\n\t\t\t\t\t\t<div class=\"elementor-container elementor-column-gap-default\">\n\t\t\t\t\t<div class=\"elementor-column elementor-col-100 elementor-top-column elementor-element elementor-element-1dd28fa\" data-id=\"1dd28fa\" data-element_type=\"column\">\n\t\t\t<div class=\"elementor-widget-wrap elementor-element-populated\">\n\t\t\t\t\t\t<div class=\"elementor-element elementor-element-607c10d elementor-widget elementor-widget-image\" data-id=\"607c10d\" data-element_type=\"widget\" data-widget_type=\"image.default\">\n\t\t\t\t<div class=\"elementor-widget-container\">\n\t\t\t\t\t\t\t\t\t\t\t\t\t\t\t<img fetchpriority=\"high\" decoding=\"async\" width=\"1400\" height=\"700\" src=\"https:\/\/salibom.com.br\/portal\/wp-content\/uploads\/2022\/08\/banner_um.jpg\" class=\"attachment-full size-full wp-image-4917\" alt=\"\" srcset=\"https:\/\/salibom.com.br\/portal\/wp-content\/uploads\/2022\/08\/banner_um.jpg 1400w, https:\/\/salibom.com.br\/portal\/wp-content\/uploads\/2022\/08\/banner_um-300x150.jpg 300w, https:\/\/salibom.com.br\/portal\/wp-content\/uploads\/2022\/08\/banner_um-1024x512.jpg 1024w, https:\/\/salibom.com.br\/portal\/wp-content\/uploads\/2022\/08\/banner_um-768x384.jpg 768w, https:\/\/salibom.com.br\/portal\/wp-content\/uploads\/2022\/08\/banner_um-1320x660.jpg 1320w\" sizes=\"(max-width: 1400px) 100vw, 1400px\" \/>\t\t\t\t\t\t\t\t\t\t\t\t\t\t\t<\/div>\n\t\t\t\t<\/div>\n\t\t\t\t\t<\/div>\n\t\t<\/div>\n\t\t\t\t\t<\/div>\n\t\t<\/section>\n\t\t\t\t<section class=\"elementor-section elementor-top-section elementor-element elementor-element-6ea1ec7 elementor-section-boxed elementor-section-height-default elementor-section-height-default\" data-id=\"6ea1ec7\" data-element_type=\"section\">\n\t\t\t\t\t\t<div class=\"elementor-container elementor-column-gap-default\">\n\t\t\t\t\t<div class=\"elementor-column elementor-col-100 elementor-top-column elementor-element elementor-element-a121b92\" data-id=\"a121b92\" data-element_type=\"column\">\n\t\t\t<div class=\"elementor-widget-wrap elementor-element-populated\">\n\t\t\t\t\t\t<div class=\"elementor-element elementor-element-3c423de elementor-widget elementor-widget-text-editor\" data-id=\"3c423de\" data-element_type=\"widget\" data-widget_type=\"text-editor.default\">\n\t\t\t\t<div class=\"elementor-widget-container\">\n\t\t\t\t\t\t\t\t\t<p>A amplia\u00e7\u00e3o dos estudos sobre a leitura como ci\u00eancia revelou que ler implica fatores que v\u00e3o al\u00e9m do c\u00f3digo escrito e est\u00e3o em estreita intera\u00e7\u00e3o com atividades do pensamento e do aprendizado em geral, favorecendo a expans\u00e3o do horizonte cultural de pessoas, grupos e comunidades. O livro, sujeito e objeto da a\u00e7\u00e3o cultural e meio de comunica\u00e7\u00e3o, \u00e9 o que mais favorece a concentra\u00e7\u00e3o necess\u00e1ria para que o indiv\u00edduo classifique e organize devidamente as categorias cognitivas em sua mente.<\/p><p>O ato de ler deve ser uma pr\u00e1tica incorporada \u00e0 vida do indiv\u00edduo, e n\u00e3o apenas uma aquisi\u00e7\u00e3o de informa\u00e7\u00f5es e conhecimentos. O h\u00e1bito de ler contribui para que o leitor desenvolva sua personalidade e comportamento afetivo, exercite seu esp\u00edrito cr\u00edtico, libere a mente de preconceitos e discrimina\u00e7\u00f5es e o oriente para a compreens\u00e3o objetiva dos fatos, motivando-o \u00e0 participa\u00e7\u00e3o ativa na sociedade em que vive.<\/p><p>Partindo desses princ\u00edpios, o Sal\u00e3o do Livro de Bom Jesus, poder\u00e1 ser percebido como o maior acontecimento liter\u00e1rio da Regi\u00e3o do Cerrados e um dos maiores eventos culturais realizados no Piau\u00ed, demonstrando a for\u00e7a da cultura local e a valoriza\u00e7\u00e3o da educa\u00e7\u00e3o por parte da popula\u00e7\u00e3o em geral e do poder p\u00fablico, uma vez que ambos podem e devem prestigiam com muita \u00eanfase o Sal\u00e3o.<\/p><p>A 5\u00aa edi\u00e7\u00e3o do SaLiBom tem, portanto, como uma de suas principais metas oportunizar o acesso facilitado ao livro \u00e0 todas as pessoas que integram o Vale do Gurgu\u00e9ia, sempre incentivando a leitura e a cultura liter\u00e1ria.<\/p><p><strong>AVISOS IMPORTANTES<\/strong><\/p><p>\u2013 <strong>O Sal\u00e3o do Livro de Bom Jesus &#8211; SaLiBom<\/strong> n\u00e3o realiza parceria alguma com vendedores de cursos, cole\u00e7\u00f5es de livros ou similares. Nossos representantes utilizam apenas os canais oficiais de comunica\u00e7\u00e3o do evento: \u201cE-mail\u201d, Facebook, Instagram e a se\u00e7\u00e3o \u201cContato\u201d do Site. Em caso de d\u00favida sobre alguma proposta recebida, entre em contato pelo e-mail contato@salipi.com.br<\/p><p><strong>\u2013\u00a0<\/strong>O visitante fica ciente de que, ao entrar no recinto de exposi\u00e7\u00f5es onde se realiza o <strong>O Sal\u00e3o do Livro de Bom Jesus &#8211; SaLiBom<\/strong>, fica autorizado aos organizadores o uso de sua imagem pessoal captada no evento, assim como a de menores ou pessoas sob sua responsabilidade ou tutela legal para uso em todo e qualquer material de fotos, v\u00eddeos, documentos, meios de comunica\u00e7\u00e3o, campanhas promocionais e institucional, destinadas \u00e0 divulga\u00e7\u00e3o ao p\u00fablico.<\/p>\t\t\t\t\t\t\t\t<\/div>\n\t\t\t\t<\/div>\n\t\t\t\t\t<\/div>\n\t\t<\/div>\n\t\t\t\t\t<\/div>\n\t\t<\/section>\n\t\t\t\t<\/div>\n\t\t","protected":false},"excerpt":{"rendered":"<p>A amplia\u00e7\u00e3o dos estudos sobre a leitura como ci\u00eancia revelou que ler implica fatores que v\u00e3o al\u00e9m do c\u00f3digo escrito e est\u00e3o em estreita intera\u00e7\u00e3o com atividades do pensamento e do aprendizado em geral, favorecendo a expans\u00e3o do horizonte cultural de pessoas, grupos e comunidades. O livro, sujeito e objeto da a\u00e7\u00e3o cultural e meio [&hellip;]<\/p>\n","protected":false},"author":1,"featured_media":0,"parent":0,"menu_order":0,"comment_status":"closed","ping_status":"closed","template":"","meta":{"footnotes":""},"class_list":["post-1405","page","type-page","status-publish","hentry"],"yoast_head":"<!-- This site is optimized with the Yoast SEO plugin v26.2 - https:\/\/yoast.com\/wordpress\/plugins\/seo\/ -->\n<title>O Evento - 5\u00ba Sal\u00e3o do Livro de Bom Jesus - SaLiBom<\/title>\n<meta name=\"robots\" content=\"index, follow, max-snippet:-1, max-image-preview:large, max-video-preview:-1\" \/>\n<link rel=\"canonical\" href=\"https:\/\/salibom.com.br\/portal\/o-evento\/\" \/>\n<meta property=\"og:locale\" content=\"pt_BR\" \/>\n<meta property=\"og:type\" content=\"article\" \/>\n<meta property=\"og:title\" content=\"O Evento - 5\u00ba Sal\u00e3o do Livro de Bom Jesus - SaLiBom\" \/>\n<meta property=\"og:description\" content=\"A amplia\u00e7\u00e3o dos estudos sobre a leitura como ci\u00eancia revelou que ler implica fatores que v\u00e3o al\u00e9m do c\u00f3digo escrito e est\u00e3o em estreita intera\u00e7\u00e3o com atividades do pensamento e do aprendizado em geral, favorecendo a expans\u00e3o do horizonte cultural de pessoas, grupos e comunidades. O livro, sujeito e objeto da a\u00e7\u00e3o cultural e meio [&hellip;]\" \/>\n<meta property=\"og:url\" content=\"https:\/\/salibom.com.br\/portal\/o-evento\/\" \/>\n<meta property=\"og:site_name\" content=\"5\u00ba Sal\u00e3o do Livro de Bom Jesus - SaLiBom\" \/>\n<meta property=\"article:publisher\" content=\"https:\/\/www.facebook.com\/salaodolivrodopiaui\/\" \/>\n<meta property=\"article:modified_time\" content=\"2022-12-12T21:25:35+00:00\" \/>\n<meta property=\"og:image\" content=\"https:\/\/salibom.com.br\/portal\/wp-content\/uploads\/2022\/08\/banner_um.jpg\" \/>\n<meta name=\"twitter:card\" content=\"summary_large_image\" \/>\n<meta name=\"twitter:label1\" content=\"Est. tempo de leitura\" \/>\n\t<meta name=\"twitter:data1\" content=\"3 minutos\" \/>\n<script type=\"application\/ld+json\" class=\"yoast-schema-graph\">{\"@context\":\"https:\/\/schema.org\",\"@graph\":[{\"@type\":\"WebPage\",\"@id\":\"https:\/\/salibom.com.br\/portal\/o-evento\/\",\"url\":\"https:\/\/salibom.com.br\/portal\/o-evento\/\",\"name\":\"O Evento - 5\u00ba Sal\u00e3o do Livro de Bom Jesus - SaLiBom\",\"isPartOf\":{\"@id\":\"https:\/\/salibom.com.br\/portal\/#website\"},\"primaryImageOfPage\":{\"@id\":\"https:\/\/salibom.com.br\/portal\/o-evento\/#primaryimage\"},\"image\":{\"@id\":\"https:\/\/salibom.com.br\/portal\/o-evento\/#primaryimage\"},\"thumbnailUrl\":\"https:\/\/salibom.com.br\/portal\/wp-content\/uploads\/2022\/08\/banner_um.jpg\",\"datePublished\":\"2021-12-05T20:52:41+00:00\",\"dateModified\":\"2022-12-12T21:25:35+00:00\",\"breadcrumb\":{\"@id\":\"https:\/\/salibom.com.br\/portal\/o-evento\/#breadcrumb\"},\"inLanguage\":\"pt-BR\",\"potentialAction\":[{\"@type\":\"ReadAction\",\"target\":[\"https:\/\/salibom.com.br\/portal\/o-evento\/\"]}]},{\"@type\":\"ImageObject\",\"inLanguage\":\"pt-BR\",\"@id\":\"https:\/\/salibom.com.br\/portal\/o-evento\/#primaryimage\",\"url\":\"https:\/\/salibom.com.br\/portal\/wp-content\/uploads\/2022\/08\/banner_um.jpg\",\"contentUrl\":\"https:\/\/salibom.com.br\/portal\/wp-content\/uploads\/2022\/08\/banner_um.jpg\",\"width\":1400,\"height\":700},{\"@type\":\"BreadcrumbList\",\"@id\":\"https:\/\/salibom.com.br\/portal\/o-evento\/#breadcrumb\",\"itemListElement\":[{\"@type\":\"ListItem\",\"position\":1,\"name\":\"In\u00edcio\",\"item\":\"https:\/\/salibom.com.br\/portal\/\"},{\"@type\":\"ListItem\",\"position\":2,\"name\":\"O Evento\"}]},{\"@type\":\"WebSite\",\"@id\":\"https:\/\/salibom.com.br\/portal\/#website\",\"url\":\"https:\/\/salibom.com.br\/portal\/\",\"name\":\"5\u00ba Sal\u00e3o do Livro de Bom Jesus - SaLiBom\",\"description\":\"3 a 12 de junho - Espa\u00e7o Rosa dos Ventos (UFPI)\",\"publisher\":{\"@id\":\"https:\/\/salibom.com.br\/portal\/#organization\"},\"potentialAction\":[{\"@type\":\"SearchAction\",\"target\":{\"@type\":\"EntryPoint\",\"urlTemplate\":\"https:\/\/salibom.com.br\/portal\/?s={search_term_string}\"},\"query-input\":{\"@type\":\"PropertyValueSpecification\",\"valueRequired\":true,\"valueName\":\"search_term_string\"}}],\"inLanguage\":\"pt-BR\"},{\"@type\":\"Organization\",\"@id\":\"https:\/\/salibom.com.br\/portal\/#organization\",\"name\":\"Sal\u00e3o do Livro do Piau\u00ed - SALIPI\",\"url\":\"https:\/\/salibom.com.br\/portal\/\",\"logo\":{\"@type\":\"ImageObject\",\"inLanguage\":\"pt-BR\",\"@id\":\"https:\/\/salibom.com.br\/portal\/#\/schema\/logo\/image\/\",\"url\":\"https:\/\/salibom.com.br\/portal\/wp-content\/uploads\/2021\/12\/logo_salipi-3.png\",\"contentUrl\":\"https:\/\/salibom.com.br\/portal\/wp-content\/uploads\/2021\/12\/logo_salipi-3.png\",\"width\":183,\"height\":200,\"caption\":\"Sal\u00e3o do Livro do Piau\u00ed - SALIPI\"},\"image\":{\"@id\":\"https:\/\/salibom.com.br\/portal\/#\/schema\/logo\/image\/\"},\"sameAs\":[\"https:\/\/www.facebook.com\/salaodolivrodopiaui\/\",\"https:\/\/www.instagram.com\/salaodolivrodopiaui\/\"]}]}<\/script>\n<!-- \/ Yoast SEO plugin. -->","yoast_head_json":{"title":"O Evento - 5\u00ba Sal\u00e3o do Livro de Bom Jesus - SaLiBom","robots":{"index":"index","follow":"follow","max-snippet":"max-snippet:-1","max-image-preview":"max-image-preview:large","max-video-preview":"max-video-preview:-1"},"canonical":"https:\/\/salibom.com.br\/portal\/o-evento\/","og_locale":"pt_BR","og_type":"article","og_title":"O Evento - 5\u00ba Sal\u00e3o do Livro de Bom Jesus - SaLiBom","og_description":"A amplia\u00e7\u00e3o dos estudos sobre a leitura como ci\u00eancia revelou que ler implica fatores que v\u00e3o al\u00e9m do c\u00f3digo escrito e est\u00e3o em estreita intera\u00e7\u00e3o com atividades do pensamento e do aprendizado em geral, favorecendo a expans\u00e3o do horizonte cultural de pessoas, grupos e comunidades. O livro, sujeito e objeto da a\u00e7\u00e3o cultural e meio [&hellip;]","og_url":"https:\/\/salibom.com.br\/portal\/o-evento\/","og_site_name":"5\u00ba Sal\u00e3o do Livro de Bom Jesus - SaLiBom","article_publisher":"https:\/\/www.facebook.com\/salaodolivrodopiaui\/","article_modified_time":"2022-12-12T21:25:35+00:00","og_image":[{"url":"https:\/\/salibom.com.br\/portal\/wp-content\/uploads\/2022\/08\/banner_um.jpg","type":"","width":"","height":""}],"twitter_card":"summary_large_image","twitter_misc":{"Est. tempo de leitura":"3 minutos"},"schema":{"@context":"https:\/\/schema.org","@graph":[{"@type":"WebPage","@id":"https:\/\/salibom.com.br\/portal\/o-evento\/","url":"https:\/\/salibom.com.br\/portal\/o-evento\/","name":"O Evento - 5\u00ba Sal\u00e3o do Livro de Bom Jesus - SaLiBom","isPartOf":{"@id":"https:\/\/salibom.com.br\/portal\/#website"},"primaryImageOfPage":{"@id":"https:\/\/salibom.com.br\/portal\/o-evento\/#primaryimage"},"image":{"@id":"https:\/\/salibom.com.br\/portal\/o-evento\/#primaryimage"},"thumbnailUrl":"https:\/\/salibom.com.br\/portal\/wp-content\/uploads\/2022\/08\/banner_um.jpg","datePublished":"2021-12-05T20:52:41+00:00","dateModified":"2022-12-12T21:25:35+00:00","breadcrumb":{"@id":"https:\/\/salibom.com.br\/portal\/o-evento\/#breadcrumb"},"inLanguage":"pt-BR","potentialAction":[{"@type":"ReadAction","target":["https:\/\/salibom.com.br\/portal\/o-evento\/"]}]},{"@type":"ImageObject","inLanguage":"pt-BR","@id":"https:\/\/salibom.com.br\/portal\/o-evento\/#primaryimage","url":"https:\/\/salibom.com.br\/portal\/wp-content\/uploads\/2022\/08\/banner_um.jpg","contentUrl":"https:\/\/salibom.com.br\/portal\/wp-content\/uploads\/2022\/08\/banner_um.jpg","width":1400,"height":700},{"@type":"BreadcrumbList","@id":"https:\/\/salibom.com.br\/portal\/o-evento\/#breadcrumb","itemListElement":[{"@type":"ListItem","position":1,"name":"In\u00edcio","item":"https:\/\/salibom.com.br\/portal\/"},{"@type":"ListItem","position":2,"name":"O Evento"}]},{"@type":"WebSite","@id":"https:\/\/salibom.com.br\/portal\/#website","url":"https:\/\/salibom.com.br\/portal\/","name":"5\u00ba Sal\u00e3o do Livro de Bom Jesus - SaLiBom","description":"3 a 12 de junho - Espa\u00e7o Rosa dos Ventos (UFPI)","publisher":{"@id":"https:\/\/salibom.com.br\/portal\/#organization"},"potentialAction":[{"@type":"SearchAction","target":{"@type":"EntryPoint","urlTemplate":"https:\/\/salibom.com.br\/portal\/?s={search_term_string}"},"query-input":{"@type":"PropertyValueSpecification","valueRequired":true,"valueName":"search_term_string"}}],"inLanguage":"pt-BR"},{"@type":"Organization","@id":"https:\/\/salibom.com.br\/portal\/#organization","name":"Sal\u00e3o do Livro do Piau\u00ed - SALIPI","url":"https:\/\/salibom.com.br\/portal\/","logo":{"@type":"ImageObject","inLanguage":"pt-BR","@id":"https:\/\/salibom.com.br\/portal\/#\/schema\/logo\/image\/","url":"https:\/\/salibom.com.br\/portal\/wp-content\/uploads\/2021\/12\/logo_salipi-3.png","contentUrl":"https:\/\/salibom.com.br\/portal\/wp-content\/uploads\/2021\/12\/logo_salipi-3.png","width":183,"height":200,"caption":"Sal\u00e3o do Livro do Piau\u00ed - SALIPI"},"image":{"@id":"https:\/\/salibom.com.br\/portal\/#\/schema\/logo\/image\/"},"sameAs":["https:\/\/www.facebook.com\/salaodolivrodopiaui\/","https:\/\/www.instagram.com\/salaodolivrodopiaui\/"]}]}},"_links":{"self":[{"href":"https:\/\/salibom.com.br\/portal\/wp-json\/wp\/v2\/pages\/1405","targetHints":{"allow":["GET"]}}],"collection":[{"href":"https:\/\/salibom.com.br\/portal\/wp-json\/wp\/v2\/pages"}],"about":[{"href":"https:\/\/salibom.com.br\/portal\/wp-json\/wp\/v2\/types\/page"}],"author":[{"embeddable":true,"href":"https:\/\/salibom.com.br\/portal\/wp-json\/wp\/v2\/users\/1"}],"replies":[{"embeddable":true,"href":"https:\/\/salibom.com.br\/portal\/wp-json\/wp\/v2\/comments?post=1405"}],"version-history":[{"count":28,"href":"https:\/\/salibom.com.br\/portal\/wp-json\/wp\/v2\/pages\/1405\/revisions"}],"predecessor-version":[{"id":5252,"href":"https:\/\/salibom.com.br\/portal\/wp-json\/wp\/v2\/pages\/1405\/revisions\/5252"}],"wp:attachment":[{"href":"https:\/\/salibom.com.br\/portal\/wp-json\/wp\/v2\/media?parent=1405"}],"curies":[{"name":"wp","href":"https:\/\/api.w.org\/{rel}","templated":true}]}}