{"id":3636,"date":"2022-05-20T14:27:22","date_gmt":"2022-05-20T17:27:22","guid":{"rendered":"https:\/\/salibom.com.br\/portal\/bate-papo-literario-copy\/"},"modified":"2022-05-20T14:33:19","modified_gmt":"2022-05-20T17:33:19","slug":"visitacao-escolar","status":"publish","type":"page","link":"https:\/\/salibom.com.br\/portal\/visitacao-escolar\/","title":{"rendered":"Visita\u00e7\u00e3o Escolar"},"content":{"rendered":"\t\t<div data-elementor-type=\"wp-page\" data-elementor-id=\"3636\" class=\"elementor elementor-3636\" data-elementor-post-type=\"page\">\n\t\t\t\t<div class=\"elementor-element elementor-element-c0195fa e-flex e-con-boxed e-con e-parent\" data-id=\"c0195fa\" data-element_type=\"container\">\n\t\t\t\t\t<div class=\"e-con-inner\">\n\t\t<div class=\"elementor-element elementor-element-ee85479 e-con-full e-flex e-con e-parent\" data-id=\"ee85479\" data-element_type=\"container\">\n\t\t\t\t<div class=\"elementor-element elementor-element-9b3cbf6 elementor-widget elementor-widget-text-editor\" data-id=\"9b3cbf6\" data-element_type=\"widget\" data-widget_type=\"text-editor.default\">\n\t\t\t\t<div class=\"elementor-widget-container\">\n\t\t\t\t\t\t\t\t\t\n<h2><strong>VISITA\u00c7\u00c3O ESCOLAR<\/strong><\/h2>\n\t\t\t\t\t\t\t\t<\/div>\n\t\t\t\t<\/div>\n\t\t\t\t<\/div>\n\t\t\t\t\t<\/div>\n\t\t\t\t<\/div>\n\t\t<div class=\"elementor-element elementor-element-f483470 e-flex e-con-boxed e-con e-parent\" data-id=\"f483470\" data-element_type=\"container\">\n\t\t\t\t\t<div class=\"e-con-inner\">\n\t\t<div class=\"elementor-element elementor-element-371cb0b e-con-full e-flex e-con e-parent\" data-id=\"371cb0b\" data-element_type=\"container\">\n\t\t\t\t<div class=\"elementor-element elementor-element-c9f2661 elementor-widget elementor-widget-text-editor\" data-id=\"c9f2661\" data-element_type=\"widget\" data-widget_type=\"text-editor.default\">\n\t\t\t\t<div class=\"elementor-widget-container\">\n\t\t\t\t\t\t\t\t\t\n<p>Agendar sua escola para o 20\u00ba Sal\u00e3o do Livro do Piau\u00ed, no Espa\u00e7o Rosa dos Ventos(UFPI) \u00e9 simples, basta preencher com os dados solicitados.<\/p>\n<p><strong>Preencha o formul\u00e1rio abaixo:<\/strong><\/p>\n\t\t\t\t\t\t\t\t<\/div>\n\t\t\t\t<\/div>\n\t\t\t\t<\/div>\n\t\t\t\t\t<\/div>\n\t\t\t\t<\/div>\n\t\t<div class=\"elementor-element elementor-element-c557397 e-flex e-con-boxed e-con e-parent\" data-id=\"c557397\" data-element_type=\"container\">\n\t\t\t\t\t<div class=\"e-con-inner\">\n\t\t<div class=\"elementor-element elementor-element-070b635 e-con-full e-flex e-con e-parent\" data-id=\"070b635\" data-element_type=\"container\">\n\t\t\t\t<div class=\"elementor-element elementor-element-0f4aa16 elementor-widget elementor-widget-shortcode\" data-id=\"0f4aa16\" data-element_type=\"widget\" data-widget_type=\"shortcode.default\">\n\t\t\t\t<div class=\"elementor-widget-container\">\n\t\t\t\t\t\t\t<div class=\"elementor-shortcode\">[NEXForms id=\"6\"]<\/div>\n\t\t\t\t\t\t<\/div>\n\t\t\t\t<\/div>\n\t\t\t\t<\/div>\n\t\t\t\t\t<\/div>\n\t\t\t\t<\/div>\n\t\t\t\t<\/div>\n\t\t","protected":false},"excerpt":{"rendered":"<p>VISITA\u00c7\u00c3O ESCOLAR Agendar sua escola para o 20\u00ba Sal\u00e3o do Livro do Piau\u00ed, no Espa\u00e7o Rosa dos Ventos(UFPI) \u00e9 simples, basta preencher com os dados solicitados. Preencha o formul\u00e1rio abaixo: [NEXForms id=&#8221;6&#8243;]<\/p>\n","protected":false},"author":1,"featured_media":0,"parent":0,"menu_order":0,"comment_status":"closed","ping_status":"closed","template":"","meta":{"footnotes":""},"class_list":["post-3636","page","type-page","status-publish","hentry"],"yoast_head":"<!-- This site is optimized with the Yoast SEO plugin v26.2 - https:\/\/yoast.com\/wordpress\/plugins\/seo\/ -->\n<title>Visita\u00e7\u00e3o Escolar - 5\u00ba Sal\u00e3o do Livro de Bom Jesus - SaLiBom<\/title>\n<meta name=\"robots\" content=\"index, follow, max-snippet:-1, max-image-preview:large, max-video-preview:-1\" \/>\n<link rel=\"canonical\" href=\"https:\/\/salibom.com.br\/portal\/visitacao-escolar\/\" \/>\n<meta property=\"og:locale\" content=\"pt_BR\" \/>\n<meta property=\"og:type\" content=\"article\" \/>\n<meta property=\"og:title\" content=\"Visita\u00e7\u00e3o Escolar - 5\u00ba Sal\u00e3o do Livro de Bom Jesus - SaLiBom\" \/>\n<meta property=\"og:description\" content=\"VISITA\u00c7\u00c3O ESCOLAR Agendar sua escola para o 20\u00ba Sal\u00e3o do Livro do Piau\u00ed, no Espa\u00e7o Rosa dos Ventos(UFPI) \u00e9 simples, basta preencher com os dados solicitados. Preencha o formul\u00e1rio abaixo: [NEXForms id=&#8221;6&#8243;]\" \/>\n<meta property=\"og:url\" content=\"https:\/\/salibom.com.br\/portal\/visitacao-escolar\/\" \/>\n<meta property=\"og:site_name\" content=\"5\u00ba Sal\u00e3o do Livro de Bom Jesus - SaLiBom\" \/>\n<meta property=\"article:publisher\" content=\"https:\/\/www.facebook.com\/salaodolivrodopiaui\/\" \/>\n<meta property=\"article:modified_time\" content=\"2022-05-20T17:33:19+00:00\" \/>\n<meta name=\"twitter:card\" content=\"summary_large_image\" \/>\n<meta name=\"twitter:label1\" content=\"Est. tempo de leitura\" \/>\n\t<meta name=\"twitter:data1\" content=\"1 minuto\" \/>\n<script type=\"application\/ld+json\" class=\"yoast-schema-graph\">{\"@context\":\"https:\/\/schema.org\",\"@graph\":[{\"@type\":\"WebPage\",\"@id\":\"https:\/\/salibom.com.br\/portal\/visitacao-escolar\/\",\"url\":\"https:\/\/salibom.com.br\/portal\/visitacao-escolar\/\",\"name\":\"Visita\u00e7\u00e3o Escolar - 5\u00ba Sal\u00e3o do Livro de Bom Jesus - SaLiBom\",\"isPartOf\":{\"@id\":\"https:\/\/salibom.com.br\/portal\/#website\"},\"datePublished\":\"2022-05-20T17:27:22+00:00\",\"dateModified\":\"2022-05-20T17:33:19+00:00\",\"breadcrumb\":{\"@id\":\"https:\/\/salibom.com.br\/portal\/visitacao-escolar\/#breadcrumb\"},\"inLanguage\":\"pt-BR\",\"potentialAction\":[{\"@type\":\"ReadAction\",\"target\":[\"https:\/\/salibom.com.br\/portal\/visitacao-escolar\/\"]}]},{\"@type\":\"BreadcrumbList\",\"@id\":\"https:\/\/salibom.com.br\/portal\/visitacao-escolar\/#breadcrumb\",\"itemListElement\":[{\"@type\":\"ListItem\",\"position\":1,\"name\":\"In\u00edcio\",\"item\":\"https:\/\/salibom.com.br\/portal\/\"},{\"@type\":\"ListItem\",\"position\":2,\"name\":\"Visita\u00e7\u00e3o Escolar\"}]},{\"@type\":\"WebSite\",\"@id\":\"https:\/\/salibom.com.br\/portal\/#website\",\"url\":\"https:\/\/salibom.com.br\/portal\/\",\"name\":\"5\u00ba Sal\u00e3o do Livro de Bom Jesus - SaLiBom\",\"description\":\"3 a 12 de junho - Espa\u00e7o Rosa dos Ventos (UFPI)\",\"publisher\":{\"@id\":\"https:\/\/salibom.com.br\/portal\/#organization\"},\"potentialAction\":[{\"@type\":\"SearchAction\",\"target\":{\"@type\":\"EntryPoint\",\"urlTemplate\":\"https:\/\/salibom.com.br\/portal\/?s={search_term_string}\"},\"query-input\":{\"@type\":\"PropertyValueSpecification\",\"valueRequired\":true,\"valueName\":\"search_term_string\"}}],\"inLanguage\":\"pt-BR\"},{\"@type\":\"Organization\",\"@id\":\"https:\/\/salibom.com.br\/portal\/#organization\",\"name\":\"Sal\u00e3o do Livro do Piau\u00ed - SALIPI\",\"url\":\"https:\/\/salibom.com.br\/portal\/\",\"logo\":{\"@type\":\"ImageObject\",\"inLanguage\":\"pt-BR\",\"@id\":\"https:\/\/salibom.com.br\/portal\/#\/schema\/logo\/image\/\",\"url\":\"https:\/\/salibom.com.br\/portal\/wp-content\/uploads\/2021\/12\/logo_salipi-3.png\",\"contentUrl\":\"https:\/\/salibom.com.br\/portal\/wp-content\/uploads\/2021\/12\/logo_salipi-3.png\",\"width\":183,\"height\":200,\"caption\":\"Sal\u00e3o do Livro do Piau\u00ed - SALIPI\"},\"image\":{\"@id\":\"https:\/\/salibom.com.br\/portal\/#\/schema\/logo\/image\/\"},\"sameAs\":[\"https:\/\/www.facebook.com\/salaodolivrodopiaui\/\",\"https:\/\/www.instagram.com\/salaodolivrodopiaui\/\"]}]}<\/script>\n<!-- \/ Yoast SEO plugin. -->","yoast_head_json":{"title":"Visita\u00e7\u00e3o Escolar - 5\u00ba Sal\u00e3o do Livro de Bom Jesus - SaLiBom","robots":{"index":"index","follow":"follow","max-snippet":"max-snippet:-1","max-image-preview":"max-image-preview:large","max-video-preview":"max-video-preview:-1"},"canonical":"https:\/\/salibom.com.br\/portal\/visitacao-escolar\/","og_locale":"pt_BR","og_type":"article","og_title":"Visita\u00e7\u00e3o Escolar - 5\u00ba Sal\u00e3o do Livro de Bom Jesus - SaLiBom","og_description":"VISITA\u00c7\u00c3O ESCOLAR Agendar sua escola para o 20\u00ba Sal\u00e3o do Livro do Piau\u00ed, no Espa\u00e7o Rosa dos Ventos(UFPI) \u00e9 simples, basta preencher com os dados solicitados. Preencha o formul\u00e1rio abaixo: [NEXForms id=&#8221;6&#8243;]","og_url":"https:\/\/salibom.com.br\/portal\/visitacao-escolar\/","og_site_name":"5\u00ba Sal\u00e3o do Livro de Bom Jesus - SaLiBom","article_publisher":"https:\/\/www.facebook.com\/salaodolivrodopiaui\/","article_modified_time":"2022-05-20T17:33:19+00:00","twitter_card":"summary_large_image","twitter_misc":{"Est. tempo de leitura":"1 minuto"},"schema":{"@context":"https:\/\/schema.org","@graph":[{"@type":"WebPage","@id":"https:\/\/salibom.com.br\/portal\/visitacao-escolar\/","url":"https:\/\/salibom.com.br\/portal\/visitacao-escolar\/","name":"Visita\u00e7\u00e3o Escolar - 5\u00ba Sal\u00e3o do Livro de Bom Jesus - SaLiBom","isPartOf":{"@id":"https:\/\/salibom.com.br\/portal\/#website"},"datePublished":"2022-05-20T17:27:22+00:00","dateModified":"2022-05-20T17:33:19+00:00","breadcrumb":{"@id":"https:\/\/salibom.com.br\/portal\/visitacao-escolar\/#breadcrumb"},"inLanguage":"pt-BR","potentialAction":[{"@type":"ReadAction","target":["https:\/\/salibom.com.br\/portal\/visitacao-escolar\/"]}]},{"@type":"BreadcrumbList","@id":"https:\/\/salibom.com.br\/portal\/visitacao-escolar\/#breadcrumb","itemListElement":[{"@type":"ListItem","position":1,"name":"In\u00edcio","item":"https:\/\/salibom.com.br\/portal\/"},{"@type":"ListItem","position":2,"name":"Visita\u00e7\u00e3o Escolar"}]},{"@type":"WebSite","@id":"https:\/\/salibom.com.br\/portal\/#website","url":"https:\/\/salibom.com.br\/portal\/","name":"5\u00ba Sal\u00e3o do Livro de Bom Jesus - SaLiBom","description":"3 a 12 de junho - Espa\u00e7o Rosa dos Ventos (UFPI)","publisher":{"@id":"https:\/\/salibom.com.br\/portal\/#organization"},"potentialAction":[{"@type":"SearchAction","target":{"@type":"EntryPoint","urlTemplate":"https:\/\/salibom.com.br\/portal\/?s={search_term_string}"},"query-input":{"@type":"PropertyValueSpecification","valueRequired":true,"valueName":"search_term_string"}}],"inLanguage":"pt-BR"},{"@type":"Organization","@id":"https:\/\/salibom.com.br\/portal\/#organization","name":"Sal\u00e3o do Livro do Piau\u00ed - SALIPI","url":"https:\/\/salibom.com.br\/portal\/","logo":{"@type":"ImageObject","inLanguage":"pt-BR","@id":"https:\/\/salibom.com.br\/portal\/#\/schema\/logo\/image\/","url":"https:\/\/salibom.com.br\/portal\/wp-content\/uploads\/2021\/12\/logo_salipi-3.png","contentUrl":"https:\/\/salibom.com.br\/portal\/wp-content\/uploads\/2021\/12\/logo_salipi-3.png","width":183,"height":200,"caption":"Sal\u00e3o do Livro do Piau\u00ed - SALIPI"},"image":{"@id":"https:\/\/salibom.com.br\/portal\/#\/schema\/logo\/image\/"},"sameAs":["https:\/\/www.facebook.com\/salaodolivrodopiaui\/","https:\/\/www.instagram.com\/salaodolivrodopiaui\/"]}]}},"_links":{"self":[{"href":"https:\/\/salibom.com.br\/portal\/wp-json\/wp\/v2\/pages\/3636","targetHints":{"allow":["GET"]}}],"collection":[{"href":"https:\/\/salibom.com.br\/portal\/wp-json\/wp\/v2\/pages"}],"about":[{"href":"https:\/\/salibom.com.br\/portal\/wp-json\/wp\/v2\/types\/page"}],"author":[{"embeddable":true,"href":"https:\/\/salibom.com.br\/portal\/wp-json\/wp\/v2\/users\/1"}],"replies":[{"embeddable":true,"href":"https:\/\/salibom.com.br\/portal\/wp-json\/wp\/v2\/comments?post=3636"}],"version-history":[{"count":10,"href":"https:\/\/salibom.com.br\/portal\/wp-json\/wp\/v2\/pages\/3636\/revisions"}],"predecessor-version":[{"id":3646,"href":"https:\/\/salibom.com.br\/portal\/wp-json\/wp\/v2\/pages\/3636\/revisions\/3646"}],"wp:attachment":[{"href":"https:\/\/salibom.com.br\/portal\/wp-json\/wp\/v2\/media?parent=3636"}],"curies":[{"name":"wp","href":"https:\/\/api.w.org\/{rel}","templated":true}]}}